{"id":64,"date":"2014-04-23T13:58:56","date_gmt":"2014-04-23T12:58:56","guid":{"rendered":"http:\/\/www.afp-germesdespoir.fr\/?page_id=64"},"modified":"2016-08-29T10:16:08","modified_gmt":"2016-08-29T09:16:08","slug":"nous-rejoindre","status":"publish","type":"page","link":"https:\/\/www.afp-germesdespoir.fr\/index.php\/nous-rejoindre\/","title":{"rendered":"Nous rejoindre"},"content":{"rendered":"<div id=\"pl-64\"  class=\"panel-layout\" ><div id=\"pg-64-0\"  class=\"panel-grid panel-no-style\" ><div id=\"pgc-64-0-0\"  class=\"panel-grid-cell\" ><div id=\"panel-64-0-0-0\" class=\"so-panel widget widget_origin_list panel-first-child panel-last-child\" data-index=\"0\" ><div class=\"origin-widget origin-widget-list origin-widget-list-simple-charcoal\"><h3 class=\"widget-title\">Comment nous rejoindre ou nous rencontrer ?<\/h3><ul>\n<li> venez participer \u00e0 l'une de nos rencontres : formations, sorties, activit\u00e9s diverses, <\/li>\n<\/ul>\n<p>ou<\/p>\n<ul>\n<li> Pour toutes questions vous pouvez nous adresser un mail \u00e0 l'adresse suivante :<\/li>\n<\/ul>\n<p>secretariat@afp-germesdespoir.fr<\/p>\n<\/div><\/div><\/div><\/div><\/div>","protected":false},"excerpt":{"rendered":"<p>Comment nous rejoindre ou nous rencontrer ? venez participer \u00e0 l&rsquo;une de nos rencontres : formations, sorties, activit\u00e9s diverses, ou Pour toutes questions vous pouvez nous adresser un mail \u00e0 l&rsquo;adresse suivante : secretariat@afp-germesdespoir.fr<\/p>\n","protected":false},"author":1,"featured_media":0,"parent":0,"menu_order":0,"comment_status":"closed","ping_status":"open","template":"","meta":{"footnotes":""},"class_list":["post-64","page","type-page","status-publish","hentry","post"],"_links":{"self":[{"href":"https:\/\/www.afp-germesdespoir.fr\/index.php\/wp-json\/wp\/v2\/pages\/64","targetHints":{"allow":["GET"]}}],"collection":[{"href":"https:\/\/www.afp-germesdespoir.fr\/index.php\/wp-json\/wp\/v2\/pages"}],"about":[{"href":"https:\/\/www.afp-germesdespoir.fr\/index.php\/wp-json\/wp\/v2\/types\/page"}],"author":[{"embeddable":true,"href":"https:\/\/www.afp-germesdespoir.fr\/index.php\/wp-json\/wp\/v2\/users\/1"}],"replies":[{"embeddable":true,"href":"https:\/\/www.afp-germesdespoir.fr\/index.php\/wp-json\/wp\/v2\/comments?post=64"}],"version-history":[{"count":4,"href":"https:\/\/www.afp-germesdespoir.fr\/index.php\/wp-json\/wp\/v2\/pages\/64\/revisions"}],"predecessor-version":[{"id":147,"href":"https:\/\/www.afp-germesdespoir.fr\/index.php\/wp-json\/wp\/v2\/pages\/64\/revisions\/147"}],"wp:attachment":[{"href":"https:\/\/www.afp-germesdespoir.fr\/index.php\/wp-json\/wp\/v2\/media?parent=64"}],"curies":[{"name":"wp","href":"https:\/\/api.w.org\/{rel}","templated":true}]}}