{"id":39,"date":"2014-04-23T13:49:59","date_gmt":"2014-04-23T12:49:59","guid":{"rendered":"http:\/\/www.afp-germesdespoir.fr\/?page_id=39"},"modified":"2018-01-21T22:47:29","modified_gmt":"2018-01-21T21:47:29","slug":"soutien","status":"publish","type":"page","link":"https:\/\/www.afp-germesdespoir.fr\/index.php\/soutien\/","title":{"rendered":"Soutien"},"content":{"rendered":"<div id=\"pl-39\"  class=\"panel-layout\" ><div id=\"pg-39-0\"  class=\"panel-grid panel-no-style\" ><div id=\"pgc-39-0-0\"  class=\"panel-grid-cell\" ><div id=\"panel-39-0-0-0\" class=\"so-panel widget widget_black-studio-tinymce widget_black_studio_tinymce panel-first-child\" data-index=\"0\" ><h3 class=\"widget-title\">Soutien de l&rsquo;Association Familiale Protestante \u00ab\u00a0Germes d&rsquo;Espoir\u00a0\u00bb<\/h3><div class=\"textwidget\"><h2>DONNER REGULIEREMENT POUR NOUS AIDER DANS LA DUREE !<\/h2>\n<p>Nos actions s\u2019inscrivent sur le long terme.<\/p>\n<p>En donnant r\u00e9guli\u00e8rement, vous nous aidez \u00e0 d\u00e9velopper et mettre en place des projets \u00ab\u00a0structurels\u00a0\u00bb qui aideront au d\u00e9veloppement de projets au b\u00e9n\u00e9fice du plus grand nombre de familles dans la r\u00e9gion.<\/p>\n<p><strong>2 moyens de nous soutenir financi\u00e8rement<\/strong><\/p>\n<p>Choisissez selon votre pr\u00e9f\u00e9rence :<\/p>\n<\/div><\/div><div id=\"panel-39-0-0-1\" class=\"so-panel widget widget_origin_list\" data-index=\"1\" ><div class=\"origin-widget origin-widget-list origin-widget-list-simple-charcoal\"><h3 class=\"widget-title\">1- Dons par ch\u00e8que<\/h3><p>Faire un don par ch\u00e8que \u00e0 une association chr\u00e9tienne<\/p>\n<p>Etablissez votre ch\u00e8que \u00e0 l\u2019ordre de : Association Familiale Protestante \"Germes d'Espoir\"<\/p>\n<p>et retournez-le nous \u00e0 : <\/p>\n<p>Association Familiale Protestante \"Germes d'Espoir\"<br \/>\n9 rue de Niederbronn<br \/>\nF \u2013 67000  STRASBOURG<\/p>\n<\/div><\/div><div id=\"panel-39-0-0-2\" class=\"so-panel widget widget_origin_list panel-last-child\" data-index=\"2\" ><div class=\"origin-widget origin-widget-list origin-widget-list-simple-charcoal\"><h3 class=\"widget-title\">2- Dons par pr\u00e9l\u00e8vement automatique<\/h3><p>(sera mis en place prochainement\u2026)<\/p>\n<p>Adressez-nous votre don r\u00e9gulier en remplissant le formulaire de pr\u00e9l\u00e8vement.<br \/>\nNous mettrons en place le pr\u00e9l\u00e8vement et informerons votre banque.<br \/>\nCe mode de soutien nous permet de planifier dans la dur\u00e9e des actions \u00ab durables \u00bb et nous soulage dans notre travail.<\/p>\n<p>La d\u00e9duction fiscale, vous permet de nous soutenir facilement.<\/p>\n<p>Vos dons donnent droit \u00e0 une d\u00e9duction fiscale de 66% du montant cumul\u00e9 des dons de l\u2019ann\u00e9e, dans la limite de 20% de vos revenus imposables.<\/p>\n<p>Un re\u00e7u fiscal vous sera envoy\u00e9 chaque d\u00e9but d\u2019ann\u00e9e pour les dons effectu\u00e9s l\u2019ann\u00e9e pr\u00e9c\u00e9dente.<\/p>\n<p>Pour plus d\u2019informations ou pour poser vos questions, vous pouvez nous contacter.<br \/>\n\u2022 Par courrier :<br \/>\nassociation familiale protestante \"Germes d'Espoir\"<br \/>\n9 rue de Niederbronn<br \/>\nF \u2013 67000  STRASBOURG<\/p>\n<p>\u2022 Par mail :<br \/>\nsecretariat@afp-germesdespoir.fr<\/p>\n<\/div><\/div><\/div><\/div><\/div>","protected":false},"excerpt":{"rendered":"<p>DONNER REGULIEREMENT POUR NOUS AIDER DANS LA DUREE !Nos actions s\u2019inscrivent sur le long terme.En donnant r\u00e9guli\u00e8rement, vous nous aidez \u00e0 d\u00e9velopper et mettre en place des projets \u00ab\u00a0structurels\u00a0\u00bb qui aideront au d\u00e9veloppement de projets au b\u00e9n\u00e9fice du plus grand nombre de familles dans la r\u00e9gion.2 moyens de nous soutenir financi\u00e8rementChoisissez selon votre pr\u00e9f\u00e9rence :<\/p>\n","protected":false},"author":1,"featured_media":0,"parent":0,"menu_order":0,"comment_status":"closed","ping_status":"open","template":"","meta":{"footnotes":""},"class_list":["post-39","page","type-page","status-publish","hentry","post"],"_links":{"self":[{"href":"https:\/\/www.afp-germesdespoir.fr\/index.php\/wp-json\/wp\/v2\/pages\/39","targetHints":{"allow":["GET"]}}],"collection":[{"href":"https:\/\/www.afp-germesdespoir.fr\/index.php\/wp-json\/wp\/v2\/pages"}],"about":[{"href":"https:\/\/www.afp-germesdespoir.fr\/index.php\/wp-json\/wp\/v2\/types\/page"}],"author":[{"embeddable":true,"href":"https:\/\/www.afp-germesdespoir.fr\/index.php\/wp-json\/wp\/v2\/users\/1"}],"replies":[{"embeddable":true,"href":"https:\/\/www.afp-germesdespoir.fr\/index.php\/wp-json\/wp\/v2\/comments?post=39"}],"version-history":[{"count":10,"href":"https:\/\/www.afp-germesdespoir.fr\/index.php\/wp-json\/wp\/v2\/pages\/39\/revisions"}],"predecessor-version":[{"id":382,"href":"https:\/\/www.afp-germesdespoir.fr\/index.php\/wp-json\/wp\/v2\/pages\/39\/revisions\/382"}],"wp:attachment":[{"href":"https:\/\/www.afp-germesdespoir.fr\/index.php\/wp-json\/wp\/v2\/media?parent=39"}],"curies":[{"name":"wp","href":"https:\/\/api.w.org\/{rel}","templated":true}]}}