{"id":16,"date":"2014-04-23T13:43:44","date_gmt":"2014-04-23T12:43:44","guid":{"rendered":"http:\/\/www.afp-germesdespoir.fr\/?page_id=16"},"modified":"2020-03-20T08:22:38","modified_gmt":"2020-03-20T07:22:38","slug":"qui-sommes-nous","status":"publish","type":"page","link":"https:\/\/www.afp-germesdespoir.fr\/index.php\/qui-sommes-nous\/","title":{"rendered":"Qui sommes-nous ?"},"content":{"rendered":"<p>Nous sommes une association qui agit avec et au service des familles.<\/p>\n<p><span style=\"color: #000000;\">Notre but :<\/span><\/p>\n<p><span style=\"color: #000000;\"> D\u00e9fendre les int\u00e9r\u00eats mat\u00e9riels, financiers, moraux des familles , et sp\u00e9cialement de celles dont les membres adh\u00e9rent \u00e0 l&rsquo;association. <\/span><\/p>\n<p><span style=\"color: #000000;\">D\u00e9velopper du lien social, de l&rsquo;entraide, de la solidarit\u00e9, l&rsquo;acquisition de comp\u00e9tences, \u00a0l&rsquo;encouragement au d\u00e9veloppement d&rsquo;initiative \u00e9conomique et \u00e9cologique des familles adh\u00e9rentes.<\/span><\/p>\n<p><video controls=\"controls\" width=\"300\" height=\"150\">\n<source src=\"https:\/\/www.afp-germesdespoir.fr\/wp-content\/uploads\/D\u00e9couvrez-les-Associations-Familiales-Protestantes.webm\" type=\"video\/webm\" \/><\/video><\/p>\n<p>Notre association est affili\u00e9e au mouvement national des associations familiales protestantes \u00a0AFP .<\/p>\n\n\n<figure class=\"wp-block-image size-large\"><img loading=\"lazy\" decoding=\"async\" width=\"399\" height=\"239\" src=\"https:\/\/www.afp-germesdespoir.fr\/wp-content\/uploads\/logo_AFP-f\u00e9d\u00e9ration-nationale_1_t131.jpg\" alt=\"\" class=\"wp-image-492\" srcset=\"https:\/\/www.afp-germesdespoir.fr\/wp-content\/uploads\/logo_AFP-f\u00e9d\u00e9ration-nationale_1_t131.jpg 399w, https:\/\/www.afp-germesdespoir.fr\/wp-content\/uploads\/logo_AFP-f\u00e9d\u00e9ration-nationale_1_t131-300x180.jpg 300w\" sizes=\"auto, (max-width: 399px) 100vw, 399px\" \/><\/figure>\n","protected":false},"excerpt":{"rendered":"<p>Nous sommes une association qui agit avec et au service des familles. Notre but : D\u00e9fendre les int\u00e9r\u00eats mat\u00e9riels, financiers, moraux des familles , et sp\u00e9cialement de celles dont les membres adh\u00e9rent \u00e0 l&rsquo;association. D\u00e9velopper du lien social, de l&rsquo;entraide, de la solidarit\u00e9, l&rsquo;acquisition de comp\u00e9tences, \u00a0l&rsquo;encouragement au d\u00e9veloppement d&rsquo;initiative \u00e9conomique et \u00e9cologique des familles [&hellip;]<\/p>\n","protected":false},"author":1,"featured_media":0,"parent":0,"menu_order":0,"comment_status":"closed","ping_status":"open","template":"","meta":{"footnotes":""},"class_list":["post-16","page","type-page","status-publish","hentry","post"],"_links":{"self":[{"href":"https:\/\/www.afp-germesdespoir.fr\/index.php\/wp-json\/wp\/v2\/pages\/16","targetHints":{"allow":["GET"]}}],"collection":[{"href":"https:\/\/www.afp-germesdespoir.fr\/index.php\/wp-json\/wp\/v2\/pages"}],"about":[{"href":"https:\/\/www.afp-germesdespoir.fr\/index.php\/wp-json\/wp\/v2\/types\/page"}],"author":[{"embeddable":true,"href":"https:\/\/www.afp-germesdespoir.fr\/index.php\/wp-json\/wp\/v2\/users\/1"}],"replies":[{"embeddable":true,"href":"https:\/\/www.afp-germesdespoir.fr\/index.php\/wp-json\/wp\/v2\/comments?post=16"}],"version-history":[{"count":5,"href":"https:\/\/www.afp-germesdespoir.fr\/index.php\/wp-json\/wp\/v2\/pages\/16\/revisions"}],"predecessor-version":[{"id":643,"href":"https:\/\/www.afp-germesdespoir.fr\/index.php\/wp-json\/wp\/v2\/pages\/16\/revisions\/643"}],"wp:attachment":[{"href":"https:\/\/www.afp-germesdespoir.fr\/index.php\/wp-json\/wp\/v2\/media?parent=16"}],"curies":[{"name":"wp","href":"https:\/\/api.w.org\/{rel}","templated":true}]}}